{"id":8,"date":"2026-01-14T15:46:59","date_gmt":"2026-01-14T15:46:59","guid":{"rendered":"https:\/\/n-1.artnaweb.com.br\/index.php\/carrinho\/"},"modified":"2026-01-14T22:41:46","modified_gmt":"2026-01-14T22:41:46","slug":"carrinho","status":"publish","type":"page","link":"https:\/\/n-1.artnaweb.com.br\/index.php\/carrinho\/","title":{"rendered":"Carrinho"},"content":{"rendered":"\n<div data-block-name=\"woocommerce\/cart\" class=\"wp-block-woocommerce-cart alignwide is-loading\">\n<div data-block-name=\"woocommerce\/filled-cart-block\" class=\"wp-block-woocommerce-filled-cart-block\">\n<div data-block-name=\"woocommerce\/cart-items-block\" class=\"wp-block-woocommerce-cart-items-block\">\n<div data-block-name=\"woocommerce\/cart-line-items-block\" class=\"wp-block-woocommerce-cart-line-items-block\"><\/div>\n\n\n<\/div>\n\n\n\n\n<div data-block-name=\"woocommerce\/cart-totals-block\" class=\"wp-block-woocommerce-cart-totals-block\">\n<div data-block-name=\"woocommerce\/cart-order-summary-block\" class=\"wp-block-woocommerce-cart-order-summary-block\">\n<div data-block-name=\"woocommerce\/cart-order-summary-heading-block\" class=\"wp-block-woocommerce-cart-order-summary-heading-block\"><\/div><div data-block-name=\"woocommerce\/cart-order-summary-coupon-form-block\" class=\"wp-block-woocommerce-cart-order-summary-coupon-form-block\"><\/div><div data-block-name=\"woocommerce\/cart-order-summary-totals-block\" class=\"wp-block-woocommerce-cart-order-summary-totals-block\">\n<div data-block-name=\"woocommerce\/cart-order-summary-subtotal-block\" class=\"wp-block-woocommerce-cart-order-summary-subtotal-block\"><\/div>\n<div data-block-name=\"woocommerce\/cart-order-summary-discount-block\" class=\"wp-block-woocommerce-cart-order-summary-discount-block\"><\/div>\n<div data-block-name=\"woocommerce\/cart-order-summary-fee-block\" class=\"wp-block-woocommerce-cart-order-summary-fee-block\"><\/div>\n<div data-block-name=\"woocommerce\/cart-order-summary-shipping-block\" class=\"wp-block-woocommerce-cart-order-summary-shipping-block\"><\/div>\n<div data-block-name=\"woocommerce\/cart-order-summary-taxes-block\" class=\"wp-block-woocommerce-cart-order-summary-taxes-block\"><\/div><\/div>\n<\/div>\n\n\n\n<div data-block-name=\"woocommerce\/cart-express-payment-block\" class=\"wp-block-woocommerce-cart-express-payment-block\"><\/div>\n\n\n\n<div data-block-name=\"woocommerce\/proceed-to-checkout-block\" class=\"wp-block-woocommerce-proceed-to-checkout-block\"><\/div>\n\n\n\n<div data-block-name=\"woocommerce\/cart-accepted-payment-methods-block\" class=\"wp-block-woocommerce-cart-accepted-payment-methods-block\"><\/div>\n<\/div>\n<\/div>\n\n\n\n<div data-block-name=\"woocommerce\/empty-cart-block\" class=\"wp-block-woocommerce-empty-cart-block\">\n<h2 class=\"wp-block-heading has-text-align-center with-empty-cart-icon wc-block-cart__empty-cart__title\">Seu carrinho est\u00e1 vazio no momento!<\/h2>\n\n\n\n<hr class=\"wp-block-separator has-alpha-channel-opacity is-style-dots\"\/>\n\n\n\n<h2 class=\"wp-block-heading has-text-align-center\">Novo na loja<\/h2>\n\n\n<div data-block-name=\"woocommerce\/product-new\" data-columns=\"4\" data-rows=\"1\" class=\"wc-block-grid wp-block-product-new wp-block-woocommerce-product-new wc-block-product-new has-4-columns\"><ul class=\"wc-block-grid__products\"><li class=\"wc-block-grid__product\">\n\t\t\t\t<a href=\"https:\/\/n-1.artnaweb.com.br\/index.php\/produto\/nas-brechas-de-futuros-cancelados-renan-porto-n-1-edicoes-phi000000\/\" class=\"wc-block-grid__product-link\">\n\t\t\t\t\t\n\t\t\t\t\t<div class=\"wc-block-grid__product-image\"><img loading=\"lazy\" decoding=\"async\" width=\"200\" height=\"300\" src=\"https:\/\/n-1.artnaweb.com.br\/wp-content\/uploads\/2026\/05\/5B97865611907635D20Nas20brechas20de20futuros20cancelados20Renan20Porto.20N-120Edicoes205BPHI0000005D.png\" class=\"attachment-woocommerce_thumbnail size-woocommerce_thumbnail\" alt=\"Nas brechas de futuros cancelados (Renan Porto. N-1 Edi\u00e7\u00f5es)\" \/><\/div>\n\t\t\t\t\t<div class=\"wc-block-grid__product-title\">Nas brechas de futuros cancelados (Renan Porto. N-1 Edi\u00e7\u00f5es)<\/div>\n\t\t\t\t<\/a>\n\t\t\t\t<div class=\"wc-block-grid__product-price price\"><span class=\"woocommerce-Price-amount amount\"><span class=\"woocommerce-Price-currencySymbol\">&#082;&#036;<\/span>&nbsp;5,00<\/span><\/div>\n\t\t\t\t\n\t\t\t\t<div class=\"wp-block-button wc-block-grid__product-add-to-cart\"><a href=\"\/index.php\/wp-json\/wp\/v2\/pages\/8?add-to-cart=595\" aria-label=\"Adicione ao carrinho: &ldquo;Nas brechas de futuros cancelados (Renan Porto. N-1 Edi\u00e7\u00f5es)&rdquo;\" data-quantity=\"1\" data-product_id=\"595\" data-product_sku=\"9786561190763\" data-price=\"5\" rel=\"nofollow\" class=\"wp-block-button__link  add_to_cart_button ajax_add_to_cart\">Adicionar ao Carrinho<\/a><\/div>\n\t\t\t<\/li><li class=\"wc-block-grid__product\">\n\t\t\t\t<a href=\"https:\/\/n-1.artnaweb.com.br\/index.php\/produto\/a-gioconda-esta-nas-escadas-a-condicao-prosaica-jean-galard-n-1-edicoes-art000000\/\" class=\"wc-block-grid__product-link\">\n\t\t\t\t\t\n\t\t\t\t\t<div class=\"wc-block-grid__product-image\"><img loading=\"lazy\" decoding=\"async\" width=\"300\" height=\"300\" src=\"https:\/\/n-1.artnaweb.com.br\/wp-content\/uploads\/2026\/05\/5B97865810977905D20A20Gioconda20esta20nas20escadas20a20condicao20prosaica20Jean20Galard.20N-120Edicoes205BART0000005D-300x300.jpg\" class=\"attachment-woocommerce_thumbnail size-woocommerce_thumbnail\" alt=\"A Gioconda est\u00e1 nas escadas: a condi\u00e7\u00e3o prosaica (Jean Galard. N-1 Edi\u00e7\u00f5es) [ART000000]\" srcset=\"https:\/\/n-1.artnaweb.com.br\/wp-content\/uploads\/2026\/05\/5B97865810977905D20A20Gioconda20esta20nas20escadas20a20condicao20prosaica20Jean20Galard.20N-120Edicoes205BART0000005D-300x300.jpg 300w, https:\/\/n-1.artnaweb.com.br\/wp-content\/uploads\/2026\/05\/5B97865810977905D20A20Gioconda20esta20nas20escadas20a20condicao20prosaica20Jean20Galard.20N-120Edicoes205BART0000005D-150x150.jpg 150w, https:\/\/n-1.artnaweb.com.br\/wp-content\/uploads\/2026\/05\/5B97865810977905D20A20Gioconda20esta20nas20escadas20a20condicao20prosaica20Jean20Galard.20N-120Edicoes205BART0000005D-100x100.jpg 100w\" sizes=\"auto, (max-width: 300px) 100vw, 300px\" \/><\/div>\n\t\t\t\t\t<div class=\"wc-block-grid__product-title\">A Gioconda est\u00e1 nas escadas: a condi\u00e7\u00e3o prosaica (Jean Galard. N-1 Edi\u00e7\u00f5es) [ART000000]<\/div>\n\t\t\t\t<\/a>\n\t\t\t\t<div class=\"wc-block-grid__product-price price\"><span class=\"woocommerce-Price-amount amount\"><span class=\"woocommerce-Price-currencySymbol\">&#082;&#036;<\/span>&nbsp;68,25<\/span><\/div>\n\t\t\t\t\n\t\t\t\t<div class=\"wp-block-button wc-block-grid__product-add-to-cart\"><a href=\"\/index.php\/wp-json\/wp\/v2\/pages\/8?add-to-cart=593\" aria-label=\"Adicione ao carrinho: &ldquo;A Gioconda est\u00e1 nas escadas: a condi\u00e7\u00e3o prosaica (Jean Galard. N-1 Edi\u00e7\u00f5es) [ART000000]&rdquo;\" data-quantity=\"1\" data-product_id=\"593\" data-product_sku=\"9786581097790\" data-price=\"68.25\" rel=\"nofollow\" class=\"wp-block-button__link  add_to_cart_button ajax_add_to_cart\">Adicionar ao Carrinho<\/a><\/div>\n\t\t\t<\/li><li class=\"wc-block-grid__product\">\n\t\t\t\t<a href=\"https:\/\/n-1.artnaweb.com.br\/index.php\/produto\/a-experiencia-zapatista-jerome-baschet-n-1-edicoes-psy000000\/\" class=\"wc-block-grid__product-link\">\n\t\t\t\t\t\n\t\t\t\t\t<div class=\"wc-block-grid__product-image\"><img loading=\"lazy\" decoding=\"async\" width=\"200\" height=\"194\" src=\"https:\/\/n-1.artnaweb.com.br\/wp-content\/uploads\/2026\/05\/5B97865869414185D20A20Experiencia20Zapatista20Jerome20Baschet.20N-120Edicoes205BPSY0000005D.jpg\" class=\"attachment-woocommerce_thumbnail size-woocommerce_thumbnail\" alt=\"A Experi\u00eancia Zapatista (Jer\u00f4me Baschet. N-1 Edi\u00e7\u00f5es) [PSY000000]\" \/><\/div>\n\t\t\t\t\t<div class=\"wc-block-grid__product-title\">A Experi\u00eancia Zapatista (Jer\u00f4me Baschet. N-1 Edi\u00e7\u00f5es) [PSY000000]<\/div>\n\t\t\t\t<\/a>\n\t\t\t\t<div class=\"wc-block-grid__product-price price\"><span class=\"woocommerce-Price-amount amount\"><span class=\"woocommerce-Price-currencySymbol\">&#082;&#036;<\/span>&nbsp;100,00<\/span><\/div>\n\t\t\t\t\n\t\t\t\t<div class=\"wp-block-button wc-block-grid__product-add-to-cart\"><a href=\"https:\/\/n-1.artnaweb.com.br\/index.php\/produto\/a-experiencia-zapatista-jerome-baschet-n-1-edicoes-psy000000\/\" aria-label=\"Leia mais sobre &ldquo;A Experi\u00eancia Zapatista (Jer\u00f4me Baschet. N-1 Edi\u00e7\u00f5es) [PSY000000]&rdquo;\" data-quantity=\"1\" data-product_id=\"591\" data-product_sku=\"9786586941418\" data-price=\"100\" rel=\"nofollow\" class=\"wp-block-button__link  add_to_cart_button\">Adicionar ao Carrinho<\/a><\/div>\n\t\t\t<\/li><li class=\"wc-block-grid__product\">\n\t\t\t\t<a href=\"https:\/\/n-1.artnaweb.com.br\/index.php\/produto\/a-alteracao-dos-mundos-david-lapoujade-hortencia-lencastre-n-1-edicoes-phi000000\/\" class=\"wc-block-grid__product-link\">\n\t\t\t\t\t\n\t\t\t\t\t<div class=\"wc-block-grid__product-image\"><img loading=\"lazy\" decoding=\"async\" width=\"300\" height=\"300\" src=\"https:\/\/n-1.artnaweb.com.br\/wp-content\/uploads\/2026\/05\/5B97865869418765D20A20Alteracao20dos20mundos20David20Lapoujade20Hortencia20Lencastre.20N-120Edicoes205BPHI0000005D-300x300.jpg\" class=\"attachment-woocommerce_thumbnail size-woocommerce_thumbnail\" alt=\"A Altera\u00e7\u00e3o dos mundos (David Lapoujade; Hortencia Lencastre. N-1 Edi\u00e7\u00f5es) [PHI000000]\" srcset=\"https:\/\/n-1.artnaweb.com.br\/wp-content\/uploads\/2026\/05\/5B97865869418765D20A20Alteracao20dos20mundos20David20Lapoujade20Hortencia20Lencastre.20N-120Edicoes205BPHI0000005D-300x300.jpg 300w, https:\/\/n-1.artnaweb.com.br\/wp-content\/uploads\/2026\/05\/5B97865869418765D20A20Alteracao20dos20mundos20David20Lapoujade20Hortencia20Lencastre.20N-120Edicoes205BPHI0000005D-150x150.jpg 150w, https:\/\/n-1.artnaweb.com.br\/wp-content\/uploads\/2026\/05\/5B97865869418765D20A20Alteracao20dos20mundos20David20Lapoujade20Hortencia20Lencastre.20N-120Edicoes205BPHI0000005D-100x100.jpg 100w\" sizes=\"auto, (max-width: 300px) 100vw, 300px\" \/><\/div>\n\t\t\t\t\t<div class=\"wc-block-grid__product-title\">A Altera\u00e7\u00e3o dos mundos (David Lapoujade; Hortencia Lencastre. N-1 Edi\u00e7\u00f5es) [PHI000000]<\/div>\n\t\t\t\t<\/a>\n\t\t\t\t<div class=\"wc-block-grid__product-price price\"><span class=\"woocommerce-Price-amount amount\"><span class=\"woocommerce-Price-currencySymbol\">&#082;&#036;<\/span>&nbsp;89,25<\/span><\/div>\n\t\t\t\t\n\t\t\t\t<div class=\"wp-block-button wc-block-grid__product-add-to-cart\"><a href=\"\/index.php\/wp-json\/wp\/v2\/pages\/8?add-to-cart=589\" aria-label=\"Adicione ao carrinho: &ldquo;A Altera\u00e7\u00e3o dos mundos (David Lapoujade; Hortencia Lencastre. N-1 Edi\u00e7\u00f5es) [PHI000000]&rdquo;\" data-quantity=\"1\" data-product_id=\"589\" data-product_sku=\"9786586941876\" data-price=\"89.25\" rel=\"nofollow\" class=\"wp-block-button__link  add_to_cart_button ajax_add_to_cart\">Adicionar ao Carrinho<\/a><\/div>\n\t\t\t<\/li><\/ul><\/div><\/div>\n<\/div>\n","protected":false},"excerpt":{"rendered":"","protected":false},"author":1,"featured_media":0,"parent":0,"menu_order":0,"comment_status":"closed","ping_status":"closed","template":"","meta":{"footnotes":""},"class_list":["post-8","page","type-page","status-publish","hentry"],"_links":{"self":[{"href":"https:\/\/n-1.artnaweb.com.br\/index.php\/wp-json\/wp\/v2\/pages\/8","targetHints":{"allow":["GET"]}}],"collection":[{"href":"https:\/\/n-1.artnaweb.com.br\/index.php\/wp-json\/wp\/v2\/pages"}],"about":[{"href":"https:\/\/n-1.artnaweb.com.br\/index.php\/wp-json\/wp\/v2\/types\/page"}],"author":[{"embeddable":true,"href":"https:\/\/n-1.artnaweb.com.br\/index.php\/wp-json\/wp\/v2\/users\/1"}],"replies":[{"embeddable":true,"href":"https:\/\/n-1.artnaweb.com.br\/index.php\/wp-json\/wp\/v2\/comments?post=8"}],"version-history":[{"count":1,"href":"https:\/\/n-1.artnaweb.com.br\/index.php\/wp-json\/wp\/v2\/pages\/8\/revisions"}],"predecessor-version":[{"id":12,"href":"https:\/\/n-1.artnaweb.com.br\/index.php\/wp-json\/wp\/v2\/pages\/8\/revisions\/12"}],"wp:attachment":[{"href":"https:\/\/n-1.artnaweb.com.br\/index.php\/wp-json\/wp\/v2\/media?parent=8"}],"curies":[{"name":"wp","href":"https:\/\/api.w.org\/{rel}","templated":true}]}}