{"id":589,"date":"2026-05-08T19:07:48","date_gmt":"2026-05-08T19:07:48","guid":{"rendered":"https:\/\/n-1.artnaweb.com.br\/index.php\/produto\/a-alteracao-dos-mundos-david-lapoujade-hortencia-lencastre-n-1-edicoes-phi000000\/"},"modified":"2026-05-08T19:07:48","modified_gmt":"2026-05-08T19:07:48","slug":"a-alteracao-dos-mundos-david-lapoujade-hortencia-lencastre-n-1-edicoes-phi000000","status":"publish","type":"product","link":"https:\/\/n-1.artnaweb.com.br\/index.php\/produto\/a-alteracao-dos-mundos-david-lapoujade-hortencia-lencastre-n-1-edicoes-phi000000\/","title":{"rendered":"A Altera\u00e7\u00e3o dos mundos (David Lapoujade; Hortencia Lencastre. N-1 Edi\u00e7\u00f5es) [PHI000000]"},"content":{"rendered":"<p><\/p>\n","protected":false},"excerpt":{"rendered":"<p>David Lapoujade<\/p>\n","protected":false},"featured_media":588,"comment_status":"open","ping_status":"closed","template":"","meta":[],"product_brand":[],"product_cat":[15],"product_tag":[],"class_list":{"0":"post-589","1":"product","2":"type-product","3":"status-publish","4":"has-post-thumbnail","6":"product_cat-sem-categoria","8":"first","9":"instock","10":"shipping-taxable","11":"purchasable","12":"product-type-simple"},"_links":{"self":[{"href":"https:\/\/n-1.artnaweb.com.br\/index.php\/wp-json\/wp\/v2\/product\/589","targetHints":{"allow":["GET"]}}],"collection":[{"href":"https:\/\/n-1.artnaweb.com.br\/index.php\/wp-json\/wp\/v2\/product"}],"about":[{"href":"https:\/\/n-1.artnaweb.com.br\/index.php\/wp-json\/wp\/v2\/types\/product"}],"replies":[{"embeddable":true,"href":"https:\/\/n-1.artnaweb.com.br\/index.php\/wp-json\/wp\/v2\/comments?post=589"}],"wp:featuredmedia":[{"embeddable":true,"href":"https:\/\/n-1.artnaweb.com.br\/index.php\/wp-json\/wp\/v2\/media\/588"}],"wp:attachment":[{"href":"https:\/\/n-1.artnaweb.com.br\/index.php\/wp-json\/wp\/v2\/media?parent=589"}],"wp:term":[{"taxonomy":"product_brand","embeddable":true,"href":"https:\/\/n-1.artnaweb.com.br\/index.php\/wp-json\/wp\/v2\/product_brand?post=589"},{"taxonomy":"product_cat","embeddable":true,"href":"https:\/\/n-1.artnaweb.com.br\/index.php\/wp-json\/wp\/v2\/product_cat?post=589"},{"taxonomy":"product_tag","embeddable":true,"href":"https:\/\/n-1.artnaweb.com.br\/index.php\/wp-json\/wp\/v2\/product_tag?post=589"}],"curies":[{"name":"wp","href":"https:\/\/api.w.org\/{rel}","templated":true}]}}