{"id":591,"date":"2026-05-08T19:07:51","date_gmt":"2026-05-08T19:07:51","guid":{"rendered":"https:\/\/n-1.artnaweb.com.br\/index.php\/produto\/a-experiencia-zapatista-jerome-baschet-n-1-edicoes-psy000000\/"},"modified":"2026-05-08T19:07:51","modified_gmt":"2026-05-08T19:07:51","slug":"a-experiencia-zapatista-jerome-baschet-n-1-edicoes-psy000000","status":"publish","type":"product","link":"https:\/\/n-1.artnaweb.com.br\/index.php\/produto\/a-experiencia-zapatista-jerome-baschet-n-1-edicoes-psy000000\/","title":{"rendered":"A Experi\u00eancia Zapatista (Jer\u00f4me Baschet. N-1 Edi\u00e7\u00f5es) [PSY000000]"},"content":{"rendered":"<p><\/p>\n","protected":false},"excerpt":{"rendered":"","protected":false},"featured_media":590,"comment_status":"open","ping_status":"closed","template":"","meta":[],"product_brand":[],"product_cat":[15],"product_tag":[],"class_list":{"0":"post-591","1":"product","2":"type-product","3":"status-publish","4":"has-post-thumbnail","6":"product_cat-sem-categoria","8":"first","9":"outofstock","10":"shipping-taxable","11":"purchasable","12":"product-type-simple"},"_links":{"self":[{"href":"https:\/\/n-1.artnaweb.com.br\/index.php\/wp-json\/wp\/v2\/product\/591","targetHints":{"allow":["GET"]}}],"collection":[{"href":"https:\/\/n-1.artnaweb.com.br\/index.php\/wp-json\/wp\/v2\/product"}],"about":[{"href":"https:\/\/n-1.artnaweb.com.br\/index.php\/wp-json\/wp\/v2\/types\/product"}],"replies":[{"embeddable":true,"href":"https:\/\/n-1.artnaweb.com.br\/index.php\/wp-json\/wp\/v2\/comments?post=591"}],"wp:featuredmedia":[{"embeddable":true,"href":"https:\/\/n-1.artnaweb.com.br\/index.php\/wp-json\/wp\/v2\/media\/590"}],"wp:attachment":[{"href":"https:\/\/n-1.artnaweb.com.br\/index.php\/wp-json\/wp\/v2\/media?parent=591"}],"wp:term":[{"taxonomy":"product_brand","embeddable":true,"href":"https:\/\/n-1.artnaweb.com.br\/index.php\/wp-json\/wp\/v2\/product_brand?post=591"},{"taxonomy":"product_cat","embeddable":true,"href":"https:\/\/n-1.artnaweb.com.br\/index.php\/wp-json\/wp\/v2\/product_cat?post=591"},{"taxonomy":"product_tag","embeddable":true,"href":"https:\/\/n-1.artnaweb.com.br\/index.php\/wp-json\/wp\/v2\/product_tag?post=591"}],"curies":[{"name":"wp","href":"https:\/\/api.w.org\/{rel}","templated":true}]}}