{"id":593,"date":"2026-05-08T19:07:54","date_gmt":"2026-05-08T19:07:54","guid":{"rendered":"https:\/\/n-1.artnaweb.com.br\/index.php\/produto\/a-gioconda-esta-nas-escadas-a-condicao-prosaica-jean-galard-n-1-edicoes-art000000\/"},"modified":"2026-05-13T13:25:43","modified_gmt":"2026-05-13T13:25:43","slug":"a-gioconda-esta-nas-escadas-a-condicao-prosaica-jean-galard-n-1-edicoes-art000000","status":"publish","type":"product","link":"https:\/\/n-1.artnaweb.com.br\/index.php\/produto\/a-gioconda-esta-nas-escadas-a-condicao-prosaica-jean-galard-n-1-edicoes-art000000\/","title":{"rendered":"A Gioconda est\u00e1 nas escadas: a condi\u00e7\u00e3o prosaica (Jean Galard. N-1 Edi\u00e7\u00f5es) [ART000000]"},"content":{"rendered":"<p><\/p>\n","protected":false},"excerpt":{"rendered":"<p>Jean Galard<\/p>\n","protected":false},"featured_media":592,"comment_status":"open","ping_status":"closed","template":"","meta":[],"product_brand":[],"product_cat":[15],"product_tag":[],"class_list":{"0":"post-593","1":"product","2":"type-product","3":"status-publish","4":"has-post-thumbnail","6":"product_cat-sem-categoria","8":"first","9":"instock","10":"shipping-taxable","11":"purchasable","12":"product-type-simple"},"_links":{"self":[{"href":"https:\/\/n-1.artnaweb.com.br\/index.php\/wp-json\/wp\/v2\/product\/593","targetHints":{"allow":["GET"]}}],"collection":[{"href":"https:\/\/n-1.artnaweb.com.br\/index.php\/wp-json\/wp\/v2\/product"}],"about":[{"href":"https:\/\/n-1.artnaweb.com.br\/index.php\/wp-json\/wp\/v2\/types\/product"}],"replies":[{"embeddable":true,"href":"https:\/\/n-1.artnaweb.com.br\/index.php\/wp-json\/wp\/v2\/comments?post=593"}],"wp:featuredmedia":[{"embeddable":true,"href":"https:\/\/n-1.artnaweb.com.br\/index.php\/wp-json\/wp\/v2\/media\/592"}],"wp:attachment":[{"href":"https:\/\/n-1.artnaweb.com.br\/index.php\/wp-json\/wp\/v2\/media?parent=593"}],"wp:term":[{"taxonomy":"product_brand","embeddable":true,"href":"https:\/\/n-1.artnaweb.com.br\/index.php\/wp-json\/wp\/v2\/product_brand?post=593"},{"taxonomy":"product_cat","embeddable":true,"href":"https:\/\/n-1.artnaweb.com.br\/index.php\/wp-json\/wp\/v2\/product_cat?post=593"},{"taxonomy":"product_tag","embeddable":true,"href":"https:\/\/n-1.artnaweb.com.br\/index.php\/wp-json\/wp\/v2\/product_tag?post=593"}],"curies":[{"name":"wp","href":"https:\/\/api.w.org\/{rel}","templated":true}]}}